{"id":382,"date":"2017-05-23T14:17:48","date_gmt":"2017-05-23T14:17:48","guid":{"rendered":"http:\/\/logopaediehofer.ch\/?page_id=382"},"modified":"2023-01-13T13:52:08","modified_gmt":"2023-01-13T13:52:08","slug":"angebot-kinder","status":"publish","type":"page","link":"https:\/\/logopaediehofer.ch\/?page_id=382","title":{"rendered":"Angebot Kinder"},"content":{"rendered":"\n<p><\/p>\n\n\n\n<h2 class=\"wp-block-heading\" id=\"block-bb92a310-2f9c-4cd2-963b-d0fe4926db78\"><mark style=\"background-color:rgba(0, 0, 0, 0)\" class=\"has-inline-color has-base-3-color\">&#8212;<\/mark><em><strong><mark style=\"background-color:rgba(0, 0, 0, 0);color:#018ec6\" class=\"has-inline-color\">\u201eReden lernt <\/mark><\/strong><\/em><br><mark style=\"background-color:rgba(0, 0, 0, 0)\" class=\"has-inline-color has-base-3-color\">&#8212;&#8212;-<\/mark><em><strong><mark style=\"background-color:rgba(0, 0, 0, 0);color:#018ec6\" class=\"has-inline-color\">man nur <\/mark><\/strong><\/em><br><mark style=\"background-color:rgba(0, 0, 0, 0)\" class=\"has-inline-color has-base-3-color\">&#8212;&#8211;<\/mark><em><strong><mark style=\"background-color:rgba(0, 0, 0, 0);color:#018ec6\" class=\"has-inline-color\">durch reden.\u201c<\/mark><\/strong><\/em><\/h2>\n\n\n<div>\n<p><em><strong><span style=\"font-size: revert; font-weight: 300;\"><span style=\"color: #000000;\">&nbsp; &nbsp; &nbsp; &nbsp; &nbsp; &nbsp; &nbsp; &nbsp; &nbsp; &nbsp; &nbsp; &nbsp; &nbsp; &nbsp; &nbsp; &nbsp; Marcus Tullius Cicero<\/span><\/span><\/strong><\/em><\/p>\n<p><\/p>\n<\/div>\n<div>\n<p><span style=\"color: #018ec6;\"><strong>Das Angebot f\u00fcr Kinder umfasst Abkl\u00e4rung, Therapie und Beratung&#8230;<\/strong><\/span><\/p>\n<\/div>\n<p><strong><span style=\"color: #018ec6;\">&#8230;bei der Verz\u00f6gerungen der Sprachenwicklung:<\/span><br><span style=\"font-size: revert; font-weight: 300;\"><span style=\"color: #000000;\">Bei Sprachentwicklungsverz\u00f6gerungen k\u00f6nnen der Wortschatz zu klein, Satzbau und Sprachverst\u00e4ndnis vermindert<\/span>&nbsp;<span style=\"color: #000000;\">und die Aussprache undeutlich sein. <br>Die Therapie wird spielerisch gestaltet, da Sprache und Spiel eng miteinander<\/span><span style=\"color: #000000;\">verkn\u00fcpft sind.<\/span><\/span><br><\/strong><\/p>\n<p><strong><strong><span style=\"color: #018ec6;\">&#8230;bei St\u00f6rungen des Lesens und Schreibens:<\/span><br><span style=\"font-size: revert; font-weight: 300;\">Durch spielerischen Erwerb von Lese- und Schreibstrategien soll die Freude an diesen wichtigen sprachlichen&nbsp;Aktivit\u00e4ten gef\u00f6rdert und erhalten bleiben. <\/span><\/strong><\/strong><\/p>\n<p><strong><span style=\"color: #018ec6;\">&#8230;bei Mutismus:<\/span><br><\/strong><span style=\"font-size: revert; color: #000000;\"><span style=\"font-size: revert; color: #000000;\"><span style=\"font-size: revert;\"><strong><span style=\"font-size: revert; font-weight: 300;\">Wenn Kinder die aktive Verwendung der Sprache verweigern, werden im Spiel auf nonverbale und verbale Art Freude und Vertrauen in die sprachliche Kommunikation aufgebaut. <\/span><\/strong><\/span><\/span><\/span><\/p>\n<p><strong><strong><span style=\"color: #018ec6;\">&#8230;bei Redeflussst\u00f6rungen:<\/span><br><span style=\"font-size: revert; font-weight: 300;\">Stotternde Kinder erlernen gezielte Strategien, um das Stottern im Alltag anzunehmen und sprachliche&nbsp;Aeusserungen gelassener vorzunehmen. <\/span><\/strong><\/strong><\/p>\n<p><strong><span style=\"color: #018ec6;\">&#8230;bei Schluckst\u00f6rungen:<\/span><br><\/strong><strong><span style=\"font-size: revert; font-weight: 300;\">Diese treten u.a. durch Fr\u00fchgeburt oder k\u00f6rperliche Behinderung auf und k\u00f6nnen mit Nahrungsanpassung und gezieltem Schlucktraining verbessert werden. <\/span><\/strong><\/p>\n<p><strong><strong><strong><span style=\"color: #018ec6;\">&#8230;bei St\u00f6rungen des Stimmklangs:<\/span><br><span style=\"font-size: revert; font-weight: 300;\">Offenes oder geschlossenes N\u00e4seln, zum Bespiel nach Lippen-, Kiefer-, Gaumenspaltenoperationen, kann durch&nbsp;Mundmotorik-, Blas-, und Atemspiele verbessert werden. <\/span><\/strong><\/strong><\/strong><\/p>\n<p><strong><span style=\"color: #018ec6;\">&#8230;bei St\u00f6rungen des Rechnens (Dyskalkulien):<\/span><br><span style=\"font-size: revert; font-weight: 300;\">Probleme in der mathematischen Sprache werden mit Hilfe von individuell angepassten Aufgaben &#8211; zum Beispiel&nbsp;zum Zahlenverst\u00e4ndnis &#8211; angegangen.<\/span><br><\/strong><\/p>\n<p><strong><span style=\"color: #018ec6;\">&#8230;bei Stimmst\u00f6rungen:<\/span><br><span style=\"font-size: revert; font-weight: 300;\">Fehlbelastungen der kindlichen Stimme zeichnen sich u.a. durch Atem- und Haltungsfehler, Stimmbeschwerden&nbsp;und eine heisere oder gepresste Stimme aus. In der Therapie wird \u2013 oft unter Einbezug der Eltern &#8211; die kindliche&nbsp;Stimmfunktion auf spielerische Art normalisiert.<\/span><br><\/strong><\/p>\n<p><img loading=\"lazy\" decoding=\"async\" class=\"alignnone wp-image-436\" src=\"https:\/\/logopaediehofer.ch\/wp-content\/uploads\/2017\/06\/BarbaraGeschaeft114-1024x768.jpg\" alt=\"\" width=\"453\" height=\"343\"><br><img loading=\"lazy\" decoding=\"async\" class=\"alignnone wp-image-435\" src=\"https:\/\/logopaediehofer.ch\/wp-content\/uploads\/2017\/06\/BarbaraGeschaeft098-1024x768.jpg\" alt=\"\" width=\"453\" height=\"344\"><\/p>\n<p><span style=\"color: #009cda;\"><strong>Beratung von Eltern und Bezugspersonen<\/strong><\/span><br>Anbieten von Hilfestellungen f\u00fcr einen sicheren und f\u00f6rderlichen Umgang mit den sprachbehinderten&nbsp;Kindern zur Unterst\u00fctzung einer optimalen Sprachentwicklung.<\/p>","protected":false},"excerpt":{"rendered":"<p>&#8212;\u201eReden lernt &#8212;&#8212;-man nur &#8212;&#8211;durch reden.\u201c &nbsp; &nbsp; &nbsp; &nbsp; &nbsp; &nbsp; &nbsp; &nbsp; &nbsp; &nbsp; &nbsp; &nbsp; &nbsp; &nbsp; &nbsp; &nbsp; Marcus Tullius Cicero Das Angebot f\u00fcr Kinder umfasst Abkl\u00e4rung, Therapie und Beratung&#8230; &#8230;bei der Verz\u00f6gerungen der Sprachenwicklung:Bei Sprachentwicklungsverz\u00f6gerungen k\u00f6nnen der Wortschatz zu klein, Satzbau und Sprachverst\u00e4ndnis vermindert&nbsp;und die Aussprache undeutlich sein. Die Therapie &#8230; <a title=\"Angebot Kinder\" class=\"read-more\" href=\"https:\/\/logopaediehofer.ch\/?page_id=382\" aria-label=\"Mehr dazu unter Angebot Kinder\">Weiterlesen<\/a><\/p>\n","protected":false},"author":1,"featured_media":2460,"parent":0,"menu_order":0,"comment_status":"closed","ping_status":"closed","template":"","meta":{"_monsterinsights_skip_tracking":false,"_monsterinsights_sitenote_active":false,"_monsterinsights_sitenote_note":"","_monsterinsights_sitenote_category":0,"jetpack_post_was_ever_published":false,"footnotes":""},"class_list":["post-382","page","type-page","status-publish","has-post-thumbnail"],"aioseo_notices":[],"jetpack_sharing_enabled":true,"jetpack_shortlink":"https:\/\/wp.me\/P8GN4G-6a","_links":{"self":[{"href":"https:\/\/logopaediehofer.ch\/index.php?rest_route=\/wp\/v2\/pages\/382","targetHints":{"allow":["GET"]}}],"collection":[{"href":"https:\/\/logopaediehofer.ch\/index.php?rest_route=\/wp\/v2\/pages"}],"about":[{"href":"https:\/\/logopaediehofer.ch\/index.php?rest_route=\/wp\/v2\/types\/page"}],"author":[{"embeddable":true,"href":"https:\/\/logopaediehofer.ch\/index.php?rest_route=\/wp\/v2\/users\/1"}],"replies":[{"embeddable":true,"href":"https:\/\/logopaediehofer.ch\/index.php?rest_route=%2Fwp%2Fv2%2Fcomments&post=382"}],"version-history":[{"count":41,"href":"https:\/\/logopaediehofer.ch\/index.php?rest_route=\/wp\/v2\/pages\/382\/revisions"}],"predecessor-version":[{"id":2938,"href":"https:\/\/logopaediehofer.ch\/index.php?rest_route=\/wp\/v2\/pages\/382\/revisions\/2938"}],"wp:featuredmedia":[{"embeddable":true,"href":"https:\/\/logopaediehofer.ch\/index.php?rest_route=\/wp\/v2\/media\/2460"}],"wp:attachment":[{"href":"https:\/\/logopaediehofer.ch\/index.php?rest_route=%2Fwp%2Fv2%2Fmedia&parent=382"}],"curies":[{"name":"wp","href":"https:\/\/api.w.org\/{rel}","templated":true}]}}