{"id":31,"date":"2017-05-02T13:39:37","date_gmt":"2017-05-02T13:39:37","guid":{"rendered":"http:\/\/logopaediehofer.ch\/?page_id=31"},"modified":"2026-03-25T06:26:17","modified_gmt":"2026-03-25T06:26:17","slug":"home","status":"publish","type":"page","link":"https:\/\/logopaediehofer.ch\/","title":{"rendered":"Willkommen"},"content":{"rendered":"\n<p><\/p>\n\n\n\n<h2 class=\"wp-block-heading has-text-align-left\" id=\"block-bb92a310-2f9c-4cd2-963b-d0fe4926db78\"><strong><mark style=\"background-color:rgba(0, 0, 0, 0);color:#018ec6\" class=\"has-inline-color\"><em>\u201eDie Sprache<\/em> <em>ist <\/em><\/mark><\/strong><br><mark style=\"background-color:rgba(0, 0, 0, 0)\" class=\"has-inline-color has-base-3-color\">&#8212;&#8212;-<\/mark><strong><mark style=\"background-color:rgba(0, 0, 0, 0);color:#018ec6\" class=\"has-inline-color\"><em>der Schl\u00fcssel<\/em> <\/mark><\/strong><br><mark style=\"background-color:rgba(0, 0, 0, 0)\" class=\"has-inline-color has-base-3-color\">&#8212;<\/mark><strong><mark style=\"background-color:rgba(0, 0, 0, 0);color:#018ec6\" class=\"has-inline-color\"><em>zur Welt.\u201c<\/em><\/mark><\/strong><\/h2>\n\n\n<p style=\"text-align: left;\"><em><strong><span style=\"font-size: revert; font-weight: 300;\"><span style=\"color: #000000;\">\u00a0Wilhelm von Humboldt<\/span><\/span><\/strong><\/em><\/p>\n<p><em><strong>DIE PRAXIS BLEIBT W\u00c4HREND DER FR\u00dcHLINGSFERIEN GESCHLOSSEN VOM 3. &#8211; 19.4.26. <\/strong><\/em><em><strong>ICH W\u00dcNSCHE IHNEN FROHE OSTERTAGE.<\/strong><\/em><\/p>\n<p><em><strong><span style=\"color: #018ec6;\">ANGEBOTE<\/span><span style=\"color: #018ec6;\"> IN DER LOGOP\u00c4DISCHEN PRAXIS:<\/span><\/strong><\/em><\/p>\n<p><strong><span style=\"color: #018ec6;\">Abkl\u00e4rung<\/span><br \/><\/strong><span style=\"color: #000000;\">In der logop\u00e4dischen Praxis kl\u00e4re ich f\u00fcr Sie Sprach-, Sprech-, Stimm- und Schluckst\u00f6rungen bei Erwachsenen, Klein-\u00a0<\/span><span style=\"color: #000000;\">und Schulkindern und Jugendlichen ab.<\/span><\/p>\n<div>\n<p><strong><span style=\"color: #018ec6;\">Logop\u00e4dische Therapie<\/span><br \/><\/strong><span style=\"color: #000000;\"><span style=\"font-size: revert;\">Bei Erwachsenen biete ich Therapien und Beratung an bei sprachlichen Beeintr\u00e4chtigungen im Rahmen von <\/span><span style=\"font-size: revert;\">Hirnverletzungen,\u00a0nach Unf\u00e4llen, schwerer Krankheit, Tumoren, infolge degenerativer Krankheit, einer Behinderung, einer lang andauernden\u00a0emotionalen Belastung oder einer falschen Stimmbelastung.<br \/><\/span><span style=\"font-size: revert;\">Bei Kindern werden Probleme beim Sprechen, Lesen, Schreiben und Schlucken behandelt.<\/span><\/span><\/p>\n<\/div>\n<div>\n<p><b><span style=\"color: #018ec6;\">Beratung<\/span><br \/><\/b><span style=\"font-size: revert; color: #000000;\">Bezugspersonen von Erwachsenen und Kindern werden beraten, um unterst\u00fctzende Strategien f\u00fcr eine optimale\u00a0Sprachentwicklung und einen f\u00f6rderlichen Umgang mit den sprachbehinderten Angeh\u00f6rigen zu erlangen sowie\u00a0Aengste und famili\u00e4re Spannungen im Zusammenhang mit den sprachlichen Einschr\u00e4nkungen abzubauen.<\/span><\/p>\n<\/div>\n<div>\n<p><b><span style=\"color: #018ec6;\">Interdisziplin\u00e4rer Austausch<\/span><br \/><\/b><span style=\"font-size: revert; color: #000000;\">Der regelm\u00e4ssige Austausch mit Fachleuten aus anderen Bereichen (Medizin, Psychologie, Physio-, Ergotherapie etc.)\u00a0ist \u2013 falls die KlientInnen dies w\u00fcnschen &#8211; eine wichtige Voraussetzung f\u00fcr eine erfolgreiche Therapie<\/span><\/p>\n<div>\n<p><b><span style=\"color: #018ec6;\">Domiciltherapie<\/span><br \/><\/b><span style=\"font-size: revert; color: #000000;\">Wenn die Auslastung in der Praxis es zul\u00e4sst, biete ich Domiciltherapien in Heimen oder zu Hause an.<\/span><\/p>\n<div>\n<p><b><span style=\"color: #018ec6;\">Therapiesprachen<\/span><br \/><\/b><span style=\"font-size: revert; color: #000000;\">Deutsch, Franz\u00f6sisch, Italienisch, Englisch, Hebr\u00e4isch (Grundkenntnisse)<\/span><\/p>\n<div>\n<p><span style=\"color: #018ec6;\"><b>Qualit\u00e4tstandards<br \/><\/b><span style=\"font-size: revert; color: #000000;\">Die Einhaltung der Qualit\u00e4tsstandards des Berufsverbandes Logop\u00e4die Bern wird garantiert und j\u00e4hrlich extern kontrolliert (s. Downloads).<\/span><\/span><\/p>\n<\/div>\n<\/div>\n<\/div>\n<\/div>\n<p><strong><span style=\"color: #018ec6;\"><em><img loading=\"lazy\" decoding=\"async\" class=\"alignnone wp-image-393\" style=\"font-family: 'Helvetica Neue', Helvetica, Arial, 'Nimbus Sans L', sans-serif; font-style: normal;\" src=\"https:\/\/logopaediehofer.ch\/wp-content\/uploads\/2017\/05\/1.prio_DSC_5503-1024x680.jpg\" alt=\"\" width=\"495\" height=\"333\" \/><\/em><\/span><\/strong><br \/><img loading=\"lazy\" decoding=\"async\" class=\"alignnone wp-image-430\" src=\"https:\/\/logopaediehofer.ch\/wp-content\/uploads\/2017\/06\/BarbaraGeschaeft062-1024x768.jpg\" alt=\"\" width=\"494\" height=\"313\" \/><\/p>\n\n\n<h2 class=\"wp-block-heading\"><\/h2>\n","protected":false},"excerpt":{"rendered":"<p>\u201eDie Sprache ist &#8212;&#8212;-der Schl\u00fcssel &#8212;zur Welt.\u201c \u00a0Wilhelm von Humboldt DIE PRAXIS BLEIBT W\u00c4HREND DER FR\u00dcHLINGSFERIEN GESCHLOSSEN VOM 3. &#8211; 19.4.26. ICH W\u00dcNSCHE IHNEN FROHE OSTERTAGE. ANGEBOTE IN DER LOGOP\u00c4DISCHEN PRAXIS: Abkl\u00e4rungIn der logop\u00e4dischen Praxis kl\u00e4re ich f\u00fcr Sie Sprach-, Sprech-, Stimm- und Schluckst\u00f6rungen bei Erwachsenen, Klein-\u00a0und Schulkindern und Jugendlichen ab. Logop\u00e4dische TherapieBei Erwachsenen biete &#8230; <a title=\"Willkommen\" class=\"read-more\" href=\"https:\/\/logopaediehofer.ch\/\" aria-label=\"Mehr dazu unter Willkommen\">Weiterlesen<\/a><\/p>\n","protected":false},"author":1,"featured_media":2454,"parent":0,"menu_order":0,"comment_status":"closed","ping_status":"closed","template":"","meta":{"_monsterinsights_skip_tracking":false,"_monsterinsights_sitenote_active":false,"_monsterinsights_sitenote_note":"","_monsterinsights_sitenote_category":0,"jetpack_post_was_ever_published":true,"footnotes":""},"class_list":["post-31","page","type-page","status-publish","has-post-thumbnail"],"aioseo_notices":[],"jetpack_sharing_enabled":true,"jetpack_shortlink":"https:\/\/wp.me\/P8GN4G-v","_links":{"self":[{"href":"https:\/\/logopaediehofer.ch\/index.php?rest_route=\/wp\/v2\/pages\/31","targetHints":{"allow":["GET"]}}],"collection":[{"href":"https:\/\/logopaediehofer.ch\/index.php?rest_route=\/wp\/v2\/pages"}],"about":[{"href":"https:\/\/logopaediehofer.ch\/index.php?rest_route=\/wp\/v2\/types\/page"}],"author":[{"embeddable":true,"href":"https:\/\/logopaediehofer.ch\/index.php?rest_route=\/wp\/v2\/users\/1"}],"replies":[{"embeddable":true,"href":"https:\/\/logopaediehofer.ch\/index.php?rest_route=%2Fwp%2Fv2%2Fcomments&post=31"}],"version-history":[{"count":272,"href":"https:\/\/logopaediehofer.ch\/index.php?rest_route=\/wp\/v2\/pages\/31\/revisions"}],"predecessor-version":[{"id":5273,"href":"https:\/\/logopaediehofer.ch\/index.php?rest_route=\/wp\/v2\/pages\/31\/revisions\/5273"}],"wp:featuredmedia":[{"embeddable":true,"href":"https:\/\/logopaediehofer.ch\/index.php?rest_route=\/wp\/v2\/media\/2454"}],"wp:attachment":[{"href":"https:\/\/logopaediehofer.ch\/index.php?rest_route=%2Fwp%2Fv2%2Fmedia&parent=31"}],"curies":[{"name":"wp","href":"https:\/\/api.w.org\/{rel}","templated":true}]}}