{"id":2230,"date":"2022-09-21T06:49:11","date_gmt":"2022-09-21T06:49:11","guid":{"rendered":"http:\/\/logopaediehofer.ch\/?page_id=2230"},"modified":"2025-03-25T08:25:42","modified_gmt":"2025-03-25T08:25:42","slug":"corona","status":"publish","type":"page","link":"https:\/\/logopaediehofer.ch\/?page_id=2230","title":{"rendered":"Corona"},"content":{"rendered":"\n<p><\/p>\n\n\n\n<p><strong><strong><mark style=\"background-color:rgba(0, 0, 0, 0);color:#018ec6\" class=\"has-inline-color\">Corona- Situation: <\/mark><\/strong><\/strong><br><br>F\u00fcr Menschen mit Erk\u00e4ltungssymptomen gilt die Maskenpflicht.<\/p>\n\n\n\n<p>Allen Risikopatienten wird das Tragen einer Maske zum Selbstschutz empfohlen.<\/p>\n\n\n\n<p>Weiterhin gilt &#8211; vor allem f\u00fcr Erk\u00e4ltungs- und Risikopatienten &#8211; die Empfehlung, die H\u00e4nde zu desinfizieren und m\u00f6glichst ausreichend Abstand zu halten.<\/p>\n\n\n\n<p><\/p>\n\n\n\n<p>Das unten stehende Schutzkonzept ist zur Zeit ausser Kraft.<\/p>\n\n\n\n<p><a href=\"https:\/\/logopaediehofer.ch\/wp-content\/uploads\/2020\/04\/Corona_Schutzkonzept_Erwachsene.pdf\" target=\"_blank\" rel=\"noreferrer noopener\"><mark style=\"background-color:rgba(0, 0, 0, 0);color:#018ec6\" class=\"has-inline-color\"><strong>Corona Schutzkonzept Erwachsene PDF<\/strong><\/mark><\/a><\/p>\n\n\n\n<p><a href=\"https:\/\/logopaediehofer.ch\/wp-content\/uploads\/2020\/04\/Corona_Schutzkonzept_Erwachsene.pdf\" target=\"_blank\" rel=\"noreferrer noopener\"><mark style=\"background-color:rgba(0, 0, 0, 0);color:#018ec6\" class=\"has-inline-color\"><strong><br><\/strong><\/mark><\/a><a href=\"https:\/\/logopaediehofer.ch\/wp-content\/uploads\/2020\/04\/Corona_Schutzkonzept_Kinder.pdf\" target=\"_blank\" rel=\"noreferrer noopener\"><mark style=\"background-color:rgba(0, 0, 0, 0);color:#018ec6\" class=\"has-inline-color\"><strong>Corona Schutzkonzept Kinder im PDF<\/strong><\/mark><\/a><\/p>\n\n\n\n<p><\/p>\n\n\n\n<p><\/p>\n\n\n\n<p><\/p>\n\n\n\n<p><\/p>\n\n\n\n<p><\/p>\n\n\n\n<p><\/p>\n\n\n\n<p><\/p>\n\n\n\n<p><\/p>\n\n\n\n<p><\/p>\n\n\n\n<p><\/p>\n","protected":false},"excerpt":{"rendered":"<p>Corona- Situation: F\u00fcr Menschen mit Erk\u00e4ltungssymptomen gilt die Maskenpflicht. Allen Risikopatienten wird das Tragen einer Maske zum Selbstschutz empfohlen. Weiterhin gilt &#8211; vor allem f\u00fcr Erk\u00e4ltungs- und Risikopatienten &#8211; die Empfehlung, die H\u00e4nde zu desinfizieren und m\u00f6glichst ausreichend Abstand zu halten. Das unten stehende Schutzkonzept ist zur Zeit ausser Kraft. Corona Schutzkonzept Erwachsene PDF Corona &#8230; <a title=\"Corona\" class=\"read-more\" href=\"https:\/\/logopaediehofer.ch\/?page_id=2230\" aria-label=\"Mehr dazu unter Corona\">Weiterlesen<\/a><\/p>\n","protected":false},"author":1,"featured_media":2457,"parent":0,"menu_order":0,"comment_status":"closed","ping_status":"closed","template":"","meta":{"_monsterinsights_skip_tracking":false,"_monsterinsights_sitenote_active":false,"_monsterinsights_sitenote_note":"","_monsterinsights_sitenote_category":0,"jetpack_post_was_ever_published":false,"footnotes":""},"class_list":["post-2230","page","type-page","status-publish","has-post-thumbnail"],"aioseo_notices":[],"jetpack_sharing_enabled":true,"jetpack_shortlink":"https:\/\/wp.me\/P8GN4G-zY","_links":{"self":[{"href":"https:\/\/logopaediehofer.ch\/index.php?rest_route=\/wp\/v2\/pages\/2230","targetHints":{"allow":["GET"]}}],"collection":[{"href":"https:\/\/logopaediehofer.ch\/index.php?rest_route=\/wp\/v2\/pages"}],"about":[{"href":"https:\/\/logopaediehofer.ch\/index.php?rest_route=\/wp\/v2\/types\/page"}],"author":[{"embeddable":true,"href":"https:\/\/logopaediehofer.ch\/index.php?rest_route=\/wp\/v2\/users\/1"}],"replies":[{"embeddable":true,"href":"https:\/\/logopaediehofer.ch\/index.php?rest_route=%2Fwp%2Fv2%2Fcomments&post=2230"}],"version-history":[{"count":16,"href":"https:\/\/logopaediehofer.ch\/index.php?rest_route=\/wp\/v2\/pages\/2230\/revisions"}],"predecessor-version":[{"id":4855,"href":"https:\/\/logopaediehofer.ch\/index.php?rest_route=\/wp\/v2\/pages\/2230\/revisions\/4855"}],"wp:featuredmedia":[{"embeddable":true,"href":"https:\/\/logopaediehofer.ch\/index.php?rest_route=\/wp\/v2\/media\/2457"}],"wp:attachment":[{"href":"https:\/\/logopaediehofer.ch\/index.php?rest_route=%2Fwp%2Fv2%2Fmedia&parent=2230"}],"curies":[{"name":"wp","href":"https:\/\/api.w.org\/{rel}","templated":true}]}}